
{"id":518,"date":"2015-06-27T03:42:09","date_gmt":"2015-06-27T09:42:09","guid":{"rendered":"https:\/\/dev.sarahroubato.com\/?page_id=518"},"modified":"2019-09-20T16:38:59","modified_gmt":"2019-09-20T14:38:59","slug":"contact","status":"publish","type":"page","link":"https:\/\/dev.sarahroubato.com\/en\/contact\/","title":{"rendered":"Contact"},"content":{"rendered":"<p>Le formulaire ne fonctionne pas en ce moment. En attendant qu&#8217;il soit r\u00e9par\u00e9, merci de me contacter par mail directement sarahrubato@gmail.com<\/p>\n<p>[contact-form-7 id=&#8221;517&#8243; title=&#8221;Contact Use&#8221;]<\/p>","protected":false},"excerpt":{"rendered":"<p>Le formulaire ne fonctionne pas en ce moment. En attendant qu&#8217;il soit r\u00e9par\u00e9, merci de me contacter par mail directement sarahrubato@gmail.com [contact-form-7 id=&#8221;517&#8243; title=&#8221;Contact Use&#8221;]<\/p>\n","protected":false},"author":2,"featured_media":0,"parent":0,"menu_order":0,"comment_status":"open","ping_status":"open","template":"","meta":{"_acf_changed":false,"footnotes":""},"class_list":["post-518","page","type-page","status-publish","hentry"],"acf":[],"yoast_head":"<!-- This site is optimized with the Yoast SEO plugin v18.3 - https:\/\/yoast.com\/wordpress\/plugins\/seo\/ -->\n<title>Contact - Sarah Roubato<\/title>\n<meta name=\"robots\" content=\"index, follow, max-snippet:-1, max-image-preview:large, max-video-preview:-1\" \/>\n<link rel=\"canonical\" href=\"https:\/\/dev.sarahroubato.com\/contact\/\" \/>\n<meta property=\"og:locale\" content=\"en_US\" \/>\n<meta property=\"og:type\" content=\"article\" \/>\n<meta property=\"og:title\" content=\"Contact - Sarah Roubato\" \/>\n<meta property=\"og:description\" content=\"Le formulaire ne fonctionne pas en ce moment. En attendant qu&#8217;il soit r\u00e9par\u00e9, merci de me contacter par mail directement sarahrubato@gmail.com [contact-form-7 id=&#8221;517&#8243; title=&#8221;Contact Use&#8221;]\" \/>\n<meta property=\"og:url\" content=\"https:\/\/dev.sarahroubato.com\/contact\/\" \/>\n<meta property=\"og:site_name\" content=\"Sarah Roubato\" \/>\n<meta property=\"article:modified_time\" content=\"2019-09-20T14:38:59+00:00\" \/>\n<meta name=\"twitter:card\" content=\"summary\" \/>\n<script type=\"application\/ld+json\" class=\"yoast-schema-graph\">{\"@context\":\"https:\/\/schema.org\",\"@graph\":[{\"@type\":\"WebSite\",\"@id\":\"https:\/\/dev.sarahroubato.com\/#website\",\"url\":\"https:\/\/dev.sarahroubato.com\/\",\"name\":\"Sarah Roubato\",\"description\":\"Changer nos repr\u00e9sentations de la soci\u00e9t\u00e9 pour envisager d&#039;autres possibles\",\"potentialAction\":[{\"@type\":\"SearchAction\",\"target\":{\"@type\":\"EntryPoint\",\"urlTemplate\":\"https:\/\/dev.sarahroubato.com\/?s={search_term_string}\"},\"query-input\":\"required name=search_term_string\"}],\"inLanguage\":\"en-US\"},{\"@type\":\"WebPage\",\"@id\":\"https:\/\/dev.sarahroubato.com\/contact\/#webpage\",\"url\":\"https:\/\/dev.sarahroubato.com\/contact\/\",\"name\":\"Contact - Sarah Roubato\",\"isPartOf\":{\"@id\":\"https:\/\/dev.sarahroubato.com\/#website\"},\"datePublished\":\"2015-06-27T09:42:09+00:00\",\"dateModified\":\"2019-09-20T14:38:59+00:00\",\"breadcrumb\":{\"@id\":\"https:\/\/dev.sarahroubato.com\/contact\/#breadcrumb\"},\"inLanguage\":\"en-US\",\"potentialAction\":[{\"@type\":\"ReadAction\",\"target\":[\"https:\/\/dev.sarahroubato.com\/contact\/\"]}]},{\"@type\":\"BreadcrumbList\",\"@id\":\"https:\/\/dev.sarahroubato.com\/contact\/#breadcrumb\",\"itemListElement\":[{\"@type\":\"ListItem\",\"position\":1,\"name\":\"Accueil\",\"item\":\"https:\/\/dev.sarahroubato.com\/\"},{\"@type\":\"ListItem\",\"position\":2,\"name\":\"Contact\"}]}]}<\/script>\n<!-- \/ Yoast SEO plugin. -->","yoast_head_json":{"title":"Contact - Sarah Roubato","robots":{"index":"index","follow":"follow","max-snippet":"max-snippet:-1","max-image-preview":"max-image-preview:large","max-video-preview":"max-video-preview:-1"},"canonical":"https:\/\/dev.sarahroubato.com\/contact\/","og_locale":"en_US","og_type":"article","og_title":"Contact - Sarah Roubato","og_description":"Le formulaire ne fonctionne pas en ce moment. En attendant qu&#8217;il soit r\u00e9par\u00e9, merci de me contacter par mail directement sarahrubato@gmail.com [contact-form-7 id=&#8221;517&#8243; title=&#8221;Contact Use&#8221;]","og_url":"https:\/\/dev.sarahroubato.com\/contact\/","og_site_name":"Sarah Roubato","article_modified_time":"2019-09-20T14:38:59+00:00","twitter_card":"summary","schema":{"@context":"https:\/\/schema.org","@graph":[{"@type":"WebSite","@id":"https:\/\/dev.sarahroubato.com\/#website","url":"https:\/\/dev.sarahroubato.com\/","name":"Sarah Roubato","description":"Changer nos repr\u00e9sentations de la soci\u00e9t\u00e9 pour envisager d&#039;autres possibles","potentialAction":[{"@type":"SearchAction","target":{"@type":"EntryPoint","urlTemplate":"https:\/\/dev.sarahroubato.com\/?s={search_term_string}"},"query-input":"required name=search_term_string"}],"inLanguage":"en-US"},{"@type":"WebPage","@id":"https:\/\/dev.sarahroubato.com\/contact\/#webpage","url":"https:\/\/dev.sarahroubato.com\/contact\/","name":"Contact - Sarah Roubato","isPartOf":{"@id":"https:\/\/dev.sarahroubato.com\/#website"},"datePublished":"2015-06-27T09:42:09+00:00","dateModified":"2019-09-20T14:38:59+00:00","breadcrumb":{"@id":"https:\/\/dev.sarahroubato.com\/contact\/#breadcrumb"},"inLanguage":"en-US","potentialAction":[{"@type":"ReadAction","target":["https:\/\/dev.sarahroubato.com\/contact\/"]}]},{"@type":"BreadcrumbList","@id":"https:\/\/dev.sarahroubato.com\/contact\/#breadcrumb","itemListElement":[{"@type":"ListItem","position":1,"name":"Accueil","item":"https:\/\/dev.sarahroubato.com\/"},{"@type":"ListItem","position":2,"name":"Contact"}]}]}},"_links":{"self":[{"href":"https:\/\/dev.sarahroubato.com\/en\/wp-json\/wp\/v2\/pages\/518","targetHints":{"allow":["GET"]}}],"collection":[{"href":"https:\/\/dev.sarahroubato.com\/en\/wp-json\/wp\/v2\/pages"}],"about":[{"href":"https:\/\/dev.sarahroubato.com\/en\/wp-json\/wp\/v2\/types\/page"}],"author":[{"embeddable":true,"href":"https:\/\/dev.sarahroubato.com\/en\/wp-json\/wp\/v2\/users\/2"}],"replies":[{"embeddable":true,"href":"https:\/\/dev.sarahroubato.com\/en\/wp-json\/wp\/v2\/comments?post=518"}],"version-history":[{"count":4,"href":"https:\/\/dev.sarahroubato.com\/en\/wp-json\/wp\/v2\/pages\/518\/revisions"}],"predecessor-version":[{"id":3778,"href":"https:\/\/dev.sarahroubato.com\/en\/wp-json\/wp\/v2\/pages\/518\/revisions\/3778"}],"wp:attachment":[{"href":"https:\/\/dev.sarahroubato.com\/en\/wp-json\/wp\/v2\/media?parent=518"}],"curies":[{"name":"wp","href":"https:\/\/api.w.org\/{rel}","templated":true}]}}