
{"id":4625,"date":"2020-09-20T20:51:05","date_gmt":"2020-09-20T18:51:05","guid":{"rendered":"https:\/\/dev.sarahroubato.com\/?page_id=4625"},"modified":"2020-10-12T10:13:43","modified_gmt":"2020-10-12T08:13:43","slug":"agenda","status":"publish","type":"page","link":"https:\/\/dev.sarahroubato.com\/es\/agenda\/","title":{"rendered":"Agenda"},"content":{"rendered":"","protected":false},"excerpt":{"rendered":"","protected":false},"author":2,"featured_media":0,"parent":0,"menu_order":0,"comment_status":"closed","ping_status":"closed","template":"","meta":{"_acf_changed":false,"footnotes":""},"class_list":["post-4625","page","type-page","status-publish","hentry"],"acf":[],"yoast_head":"<!-- This site is optimized with the Yoast SEO plugin v18.3 - https:\/\/yoast.com\/wordpress\/plugins\/seo\/ -->\n<title>Agenda - Sarah Roubato<\/title>\n<meta name=\"robots\" content=\"index, follow, max-snippet:-1, max-image-preview:large, max-video-preview:-1\" \/>\n<link rel=\"canonical\" href=\"https:\/\/dev.sarahroubato.com\/agenda\/\" \/>\n<meta property=\"og:locale\" content=\"es_ES\" \/>\n<meta property=\"og:type\" content=\"article\" \/>\n<meta property=\"og:title\" content=\"Agenda - Sarah Roubato\" \/>\n<meta property=\"og:url\" content=\"https:\/\/dev.sarahroubato.com\/agenda\/\" \/>\n<meta property=\"og:site_name\" content=\"Sarah Roubato\" \/>\n<meta property=\"article:modified_time\" content=\"2020-10-12T08:13:43+00:00\" \/>\n<meta name=\"twitter:card\" content=\"summary\" \/>\n<script type=\"application\/ld+json\" class=\"yoast-schema-graph\">{\"@context\":\"https:\/\/schema.org\",\"@graph\":[{\"@type\":\"WebSite\",\"@id\":\"https:\/\/dev.sarahroubato.com\/#website\",\"url\":\"https:\/\/dev.sarahroubato.com\/\",\"name\":\"Sarah Roubato\",\"description\":\"Changer nos repr\u00e9sentations de la soci\u00e9t\u00e9 pour envisager d&#039;autres possibles\",\"potentialAction\":[{\"@type\":\"SearchAction\",\"target\":{\"@type\":\"EntryPoint\",\"urlTemplate\":\"https:\/\/dev.sarahroubato.com\/?s={search_term_string}\"},\"query-input\":\"required name=search_term_string\"}],\"inLanguage\":\"es\"},{\"@type\":\"WebPage\",\"@id\":\"https:\/\/dev.sarahroubato.com\/agenda\/#webpage\",\"url\":\"https:\/\/dev.sarahroubato.com\/agenda\/\",\"name\":\"Agenda - Sarah Roubato\",\"isPartOf\":{\"@id\":\"https:\/\/dev.sarahroubato.com\/#website\"},\"datePublished\":\"2020-09-20T18:51:05+00:00\",\"dateModified\":\"2020-10-12T08:13:43+00:00\",\"breadcrumb\":{\"@id\":\"https:\/\/dev.sarahroubato.com\/agenda\/#breadcrumb\"},\"inLanguage\":\"es\",\"potentialAction\":[{\"@type\":\"ReadAction\",\"target\":[\"https:\/\/dev.sarahroubato.com\/agenda\/\"]}]},{\"@type\":\"BreadcrumbList\",\"@id\":\"https:\/\/dev.sarahroubato.com\/agenda\/#breadcrumb\",\"itemListElement\":[{\"@type\":\"ListItem\",\"position\":1,\"name\":\"Accueil\",\"item\":\"https:\/\/dev.sarahroubato.com\/\"},{\"@type\":\"ListItem\",\"position\":2,\"name\":\"Agenda\"}]}]}<\/script>\n<!-- \/ Yoast SEO plugin. -->","yoast_head_json":{"title":"Agenda - Sarah Roubato","robots":{"index":"index","follow":"follow","max-snippet":"max-snippet:-1","max-image-preview":"max-image-preview:large","max-video-preview":"max-video-preview:-1"},"canonical":"https:\/\/dev.sarahroubato.com\/agenda\/","og_locale":"es_ES","og_type":"article","og_title":"Agenda - Sarah Roubato","og_url":"https:\/\/dev.sarahroubato.com\/agenda\/","og_site_name":"Sarah Roubato","article_modified_time":"2020-10-12T08:13:43+00:00","twitter_card":"summary","schema":{"@context":"https:\/\/schema.org","@graph":[{"@type":"WebSite","@id":"https:\/\/dev.sarahroubato.com\/#website","url":"https:\/\/dev.sarahroubato.com\/","name":"Sarah Roubato","description":"Changer nos repr\u00e9sentations de la soci\u00e9t\u00e9 pour envisager d&#039;autres possibles","potentialAction":[{"@type":"SearchAction","target":{"@type":"EntryPoint","urlTemplate":"https:\/\/dev.sarahroubato.com\/?s={search_term_string}"},"query-input":"required name=search_term_string"}],"inLanguage":"es"},{"@type":"WebPage","@id":"https:\/\/dev.sarahroubato.com\/agenda\/#webpage","url":"https:\/\/dev.sarahroubato.com\/agenda\/","name":"Agenda - Sarah Roubato","isPartOf":{"@id":"https:\/\/dev.sarahroubato.com\/#website"},"datePublished":"2020-09-20T18:51:05+00:00","dateModified":"2020-10-12T08:13:43+00:00","breadcrumb":{"@id":"https:\/\/dev.sarahroubato.com\/agenda\/#breadcrumb"},"inLanguage":"es","potentialAction":[{"@type":"ReadAction","target":["https:\/\/dev.sarahroubato.com\/agenda\/"]}]},{"@type":"BreadcrumbList","@id":"https:\/\/dev.sarahroubato.com\/agenda\/#breadcrumb","itemListElement":[{"@type":"ListItem","position":1,"name":"Accueil","item":"https:\/\/dev.sarahroubato.com\/"},{"@type":"ListItem","position":2,"name":"Agenda"}]}]}},"_links":{"self":[{"href":"https:\/\/dev.sarahroubato.com\/es\/wp-json\/wp\/v2\/pages\/4625","targetHints":{"allow":["GET"]}}],"collection":[{"href":"https:\/\/dev.sarahroubato.com\/es\/wp-json\/wp\/v2\/pages"}],"about":[{"href":"https:\/\/dev.sarahroubato.com\/es\/wp-json\/wp\/v2\/types\/page"}],"author":[{"embeddable":true,"href":"https:\/\/dev.sarahroubato.com\/es\/wp-json\/wp\/v2\/users\/2"}],"replies":[{"embeddable":true,"href":"https:\/\/dev.sarahroubato.com\/es\/wp-json\/wp\/v2\/comments?post=4625"}],"version-history":[{"count":2,"href":"https:\/\/dev.sarahroubato.com\/es\/wp-json\/wp\/v2\/pages\/4625\/revisions"}],"predecessor-version":[{"id":4680,"href":"https:\/\/dev.sarahroubato.com\/es\/wp-json\/wp\/v2\/pages\/4625\/revisions\/4680"}],"wp:attachment":[{"href":"https:\/\/dev.sarahroubato.com\/es\/wp-json\/wp\/v2\/media?parent=4625"}],"curies":[{"name":"wp","href":"https:\/\/api.w.org\/{rel}","templated":true}]}}